{"id":123,"date":"2024-04-27T07:10:09","date_gmt":"2024-04-27T07:10:09","guid":{"rendered":"https:\/\/actiself.com\/?page_id=123"},"modified":"2026-03-09T13:33:13","modified_gmt":"2026-03-09T13:33:13","slug":"impressum","status":"publish","type":"page","link":"https:\/\/actiself.com\/en\/impressum\/","title":{"rendered":"Imprint"},"content":{"rendered":"<p><strong>Biomentric UG<\/strong> (haftungsbeschr\u00e4nkt)<\/p>\n\n\n\n<p>Office: <a href=\"https:\/\/www.werk1.com\">WERK1 &#8211; Tech-Startup Incubator, Am Kartoffelgarten 14, 81671 M\u00fcnchen<\/a><\/p>\n\n\n\n<p>Handelsregister M\u00fcnchen HRB&nbsp;295832<\/p>\n\n\n\n<p><strong>actiself<\/strong> ist eine eingetragene Dienstleistungsmarke.<\/p>\n\n\n\n<p>Verantwortlich im Sinne&nbsp;\u00a7 5 Abs. 1 Nr. 1 TMG:<\/p>\n\n\n\n<p>Markus Friedrichs (Gesch\u00e4ftsf\u00fchrung)<\/p>\n\n\n\n<p>Telefon +49 89-2153 8520<\/p>\n\n\n\n<p>E-Mail: mail @ biomentric.com<\/p>\n\n\n\n<p><\/p>\n\n\n\n<p class=\"has-small-font-size\">Postanschrift: Metzstrasse 14 | D-81667 M\u00fcnchen<\/p>\n\n\n\n<p class=\"has-small-font-size\">Fotorechte (soweit nicht anders angegeben): Getty Images \/ iStock \/ Biomentric UG<\/p>\n\n\n\n<p><\/p>\n\n\n\n<p><\/p>\n\n\n\n<p><\/p>","protected":false},"excerpt":{"rendered":"<p>Biomentric UG (haftungsbeschr\u00e4nkt) Office: WERK1 &#8211; Tech-Startup Incubator, Am Kartoffelgarten 14, 81671 M\u00fcnchen Handelsregister M\u00fcnchen HRB&nbsp;295832 actiself ist eine eingetragene Dienstleistungsmarke. Verantwortlich im Sinne&nbsp;\u00a7 5 Abs. 1 Nr. 1 TMG: Markus Friedrichs (Gesch\u00e4ftsf\u00fchrung) Telefon +49 89-2153 8520 E-Mail: mail @ biomentric.com Postanschrift: Metzstrasse 14 | D-81667 M\u00fcnchen Fotorechte (soweit nicht anders angegeben): Getty Images \/ &#8230; <a title=\"Imprint\" class=\"read-more\" href=\"https:\/\/actiself.com\/en\/impressum\/\" aria-label=\"Read more about Impressum\">Read more<\/a><\/p>","protected":false},"author":1,"featured_media":0,"parent":0,"menu_order":0,"comment_status":"closed","ping_status":"closed","template":"","meta":{"inline_featured_image":false,"_themeisle_gutenberg_block_has_review":false,"footnotes":""},"class_list":["post-123","page","type-page","status-publish"],"yoast_head":"<!-- This site is optimized with the Yoast SEO plugin v27.4 - https:\/\/yoast.com\/product\/yoast-seo-wordpress\/ -->\n<title>Impressum - actiself<\/title>\n<meta name=\"robots\" content=\"index, follow, max-snippet:-1, max-image-preview:large, max-video-preview:-1\" \/>\n<link rel=\"canonical\" href=\"https:\/\/actiself.com\/en\/impressum\/\" \/>\n<meta property=\"og:locale\" content=\"en_US\" \/>\n<meta property=\"og:type\" content=\"article\" \/>\n<meta property=\"og:title\" content=\"Impressum - actiself\" \/>\n<meta property=\"og:description\" content=\"Biomentric UG (haftungsbeschr\u00e4nkt) Office: WERK1 &#8211; Tech-Startup Incubator, Am Kartoffelgarten 14, 81671 M\u00fcnchen Handelsregister M\u00fcnchen HRB&nbsp;295832 actiself ist eine eingetragene Dienstleistungsmarke. Verantwortlich im Sinne&nbsp;\u00a7 5 Abs. 1 Nr. 1 TMG: Markus Friedrichs (Gesch\u00e4ftsf\u00fchrung) Telefon +49 89-2153 8520 E-Mail: mail @ biomentric.com Postanschrift: Metzstrasse 14 | D-81667 M\u00fcnchen Fotorechte (soweit nicht anders angegeben): Getty Images \/ ... Read more\" \/>\n<meta property=\"og:url\" content=\"https:\/\/actiself.com\/en\/impressum\/\" \/>\n<meta property=\"og:site_name\" content=\"actiself\" \/>\n<meta property=\"article:modified_time\" content=\"2026-03-09T13:33:13+00:00\" \/>\n<meta name=\"twitter:card\" content=\"summary_large_image\" \/>\n<meta name=\"twitter:label1\" content=\"Est. reading time\" \/>\n\t<meta name=\"twitter:data1\" content=\"1 minute\" \/>\n<script type=\"application\/ld+json\" class=\"yoast-schema-graph\">{\"@context\":\"https:\\\/\\\/schema.org\",\"@graph\":[{\"@type\":\"WebPage\",\"@id\":\"https:\\\/\\\/actiself.com\\\/impressum\\\/\",\"url\":\"https:\\\/\\\/actiself.com\\\/impressum\\\/\",\"name\":\"Impressum - actiself\",\"isPartOf\":{\"@id\":\"https:\\\/\\\/actiself.com\\\/#website\"},\"datePublished\":\"2024-04-27T07:10:09+00:00\",\"dateModified\":\"2026-03-09T13:33:13+00:00\",\"breadcrumb\":{\"@id\":\"https:\\\/\\\/actiself.com\\\/impressum\\\/#breadcrumb\"},\"inLanguage\":\"en-US\",\"potentialAction\":[{\"@type\":\"ReadAction\",\"target\":[\"https:\\\/\\\/actiself.com\\\/impressum\\\/\"]}]},{\"@type\":\"BreadcrumbList\",\"@id\":\"https:\\\/\\\/actiself.com\\\/impressum\\\/#breadcrumb\",\"itemListElement\":[{\"@type\":\"ListItem\",\"position\":1,\"name\":\"Home\",\"item\":\"https:\\\/\\\/actiself.com\\\/\"},{\"@type\":\"ListItem\",\"position\":2,\"name\":\"Impressum\"}]},{\"@type\":\"WebSite\",\"@id\":\"https:\\\/\\\/actiself.com\\\/#website\",\"url\":\"https:\\\/\\\/actiself.com\\\/\",\"name\":\"actiself\",\"description\":\"\",\"publisher\":{\"@id\":\"https:\\\/\\\/actiself.com\\\/#organization\"},\"potentialAction\":[{\"@type\":\"SearchAction\",\"target\":{\"@type\":\"EntryPoint\",\"urlTemplate\":\"https:\\\/\\\/actiself.com\\\/?s={search_term_string}\"},\"query-input\":{\"@type\":\"PropertyValueSpecification\",\"valueRequired\":true,\"valueName\":\"search_term_string\"}}],\"inLanguage\":\"en-US\"},{\"@type\":\"Organization\",\"@id\":\"https:\\\/\\\/actiself.com\\\/#organization\",\"name\":\"actiself\",\"url\":\"https:\\\/\\\/actiself.com\\\/\",\"logo\":{\"@type\":\"ImageObject\",\"inLanguage\":\"en-US\",\"@id\":\"https:\\\/\\\/actiself.com\\\/#\\\/schema\\\/logo\\\/image\\\/\",\"url\":\"https:\\\/\\\/actiself.com\\\/wp-content\\\/uploads\\\/2025\\\/01\\\/actiself-1.png\",\"contentUrl\":\"https:\\\/\\\/actiself.com\\\/wp-content\\\/uploads\\\/2025\\\/01\\\/actiself-1.png\",\"width\":400,\"height\":124,\"caption\":\"actiself\"},\"image\":{\"@id\":\"https:\\\/\\\/actiself.com\\\/#\\\/schema\\\/logo\\\/image\\\/\"}}]}<\/script>\n<!-- \/ Yoast SEO plugin. -->","yoast_head_json":{"title":"Impressum - actiself","robots":{"index":"index","follow":"follow","max-snippet":"max-snippet:-1","max-image-preview":"max-image-preview:large","max-video-preview":"max-video-preview:-1"},"canonical":"https:\/\/actiself.com\/en\/impressum\/","og_locale":"en_US","og_type":"article","og_title":"Impressum - actiself","og_description":"Biomentric UG (haftungsbeschr\u00e4nkt) Office: WERK1 &#8211; Tech-Startup Incubator, Am Kartoffelgarten 14, 81671 M\u00fcnchen Handelsregister M\u00fcnchen HRB&nbsp;295832 actiself ist eine eingetragene Dienstleistungsmarke. Verantwortlich im Sinne&nbsp;\u00a7 5 Abs. 1 Nr. 1 TMG: Markus Friedrichs (Gesch\u00e4ftsf\u00fchrung) Telefon +49 89-2153 8520 E-Mail: mail @ biomentric.com Postanschrift: Metzstrasse 14 | D-81667 M\u00fcnchen Fotorechte (soweit nicht anders angegeben): Getty Images \/ ... Read more","og_url":"https:\/\/actiself.com\/en\/impressum\/","og_site_name":"actiself","article_modified_time":"2026-03-09T13:33:13+00:00","twitter_card":"summary_large_image","twitter_misc":{"Est. reading time":"1 minute"},"schema":{"@context":"https:\/\/schema.org","@graph":[{"@type":"WebPage","@id":"https:\/\/actiself.com\/impressum\/","url":"https:\/\/actiself.com\/impressum\/","name":"Impressum - actiself","isPartOf":{"@id":"https:\/\/actiself.com\/#website"},"datePublished":"2024-04-27T07:10:09+00:00","dateModified":"2026-03-09T13:33:13+00:00","breadcrumb":{"@id":"https:\/\/actiself.com\/impressum\/#breadcrumb"},"inLanguage":"en-US","potentialAction":[{"@type":"ReadAction","target":["https:\/\/actiself.com\/impressum\/"]}]},{"@type":"BreadcrumbList","@id":"https:\/\/actiself.com\/impressum\/#breadcrumb","itemListElement":[{"@type":"ListItem","position":1,"name":"Home","item":"https:\/\/actiself.com\/"},{"@type":"ListItem","position":2,"name":"Impressum"}]},{"@type":"WebSite","@id":"https:\/\/actiself.com\/#website","url":"https:\/\/actiself.com\/","name":"actiself","description":"","publisher":{"@id":"https:\/\/actiself.com\/#organization"},"potentialAction":[{"@type":"SearchAction","target":{"@type":"EntryPoint","urlTemplate":"https:\/\/actiself.com\/?s={search_term_string}"},"query-input":{"@type":"PropertyValueSpecification","valueRequired":true,"valueName":"search_term_string"}}],"inLanguage":"en-US"},{"@type":"Organization","@id":"https:\/\/actiself.com\/#organization","name":"actiself","url":"https:\/\/actiself.com\/","logo":{"@type":"ImageObject","inLanguage":"en-US","@id":"https:\/\/actiself.com\/#\/schema\/logo\/image\/","url":"https:\/\/actiself.com\/wp-content\/uploads\/2025\/01\/actiself-1.png","contentUrl":"https:\/\/actiself.com\/wp-content\/uploads\/2025\/01\/actiself-1.png","width":400,"height":124,"caption":"actiself"},"image":{"@id":"https:\/\/actiself.com\/#\/schema\/logo\/image\/"}}]}},"_links":{"self":[{"href":"https:\/\/actiself.com\/en\/wp-json\/wp\/v2\/pages\/123","targetHints":{"allow":["GET"]}}],"collection":[{"href":"https:\/\/actiself.com\/en\/wp-json\/wp\/v2\/pages"}],"about":[{"href":"https:\/\/actiself.com\/en\/wp-json\/wp\/v2\/types\/page"}],"author":[{"embeddable":true,"href":"https:\/\/actiself.com\/en\/wp-json\/wp\/v2\/users\/1"}],"replies":[{"embeddable":true,"href":"https:\/\/actiself.com\/en\/wp-json\/wp\/v2\/comments?post=123"}],"version-history":[{"count":8,"href":"https:\/\/actiself.com\/en\/wp-json\/wp\/v2\/pages\/123\/revisions"}],"predecessor-version":[{"id":646,"href":"https:\/\/actiself.com\/en\/wp-json\/wp\/v2\/pages\/123\/revisions\/646"}],"wp:attachment":[{"href":"https:\/\/actiself.com\/en\/wp-json\/wp\/v2\/media?parent=123"}],"curies":[{"name":"wp","href":"https:\/\/api.w.org\/{rel}","templated":true}]}}