{"id":260,"date":"2025-01-08T17:49:38","date_gmt":"2025-01-08T17:49:38","guid":{"rendered":"https:\/\/actiself.com\/?page_id=260"},"modified":"2025-01-13T11:42:44","modified_gmt":"2025-01-13T11:42:44","slug":"gesundheitscheck","status":"publish","type":"page","link":"https:\/\/actiself.com\/en\/gesundheitscheck\/","title":{"rendered":"Gesundheitscheck"},"content":{"rendered":"<p><strong>Eine Nutzung von actiself erfolgt auf eigene Gefahr; eine Haftung wird nicht \u00fcbernommen.<\/strong><\/p>\n\n\n\n<p><strong>Die actiself-App ist keine medizinische oder therapeutische Behandlung und ersetzt eine solche auch nicht!<\/strong><\/p>\n\n\n\n<p>Du solltest actiself nicht verwenden, wenn du unter schweren behandlungsbed\u00fcrftigen psychischen Erkrankungen leidest. Dies ist auch bei Vorliegen eines \u00e4rztlichen Attests, einer \u00e4rztlichen Bescheinigung oder nach R\u00fccksprache mit dem Arzt <strong>nicht m\u00f6glich<\/strong>. Mit der Annahme der \u201eGesundheitsvoraussetzungen\u201d <strong>best\u00e4tigst du, dass <\/strong>dies bei dir nicht der Fall ist.<\/p>\n\n\n\n<p><strong>Eine Nutzung von actiself ist nicht m\u00f6glich, wenn du eine der folgenden Fragen mit \u2018Ja\u2019 beantworten:<\/strong><\/p>\n\n\n\n<p><strong>Schwere behandlungsbed\u00fcrftige psychischen Erkrankungen:<\/strong><\/p>\n\n\n\n<ul class=\"wp-block-list\">\n<li>Leidest du akut an einer Depression?<\/li>\n\n\n\n<li>Hattest du k\u00fcrzlich konkrete Suizid- (Selbstmord)gedanken?<\/li>\n\n\n\n<li>Ist bei dir eine Psychose (wie Schizophrenie oder Paranoia) diagnostiziert?<\/li>\n\n\n\n<li>Ist bei dir eine Neurose (wie Angstst\u00f6rungen, Zwangsst\u00f6rungen oder posttraumatischen Belastungsst\u00f6rung (PTBS)) diagnostiziert?<\/li>\n\n\n\n<li>Leidest du unter dem Borderline-Syndrom?<\/li>\n\n\n\n<li>Neigst du zu Panikattacken?<\/li>\n\n\n\n<li>Bist du akut abh\u00e4ngig von Alkohol oder anderen Drogen?<\/li>\n<\/ul>\n\n\n\n<p><strong>K\u00f6rperliche Einschr\u00e4nkungen:<\/strong><\/p>\n\n\n\n<ul class=\"wp-block-list\">\n<li>Besteht bei dir ein erh\u00f6htes Risiko f\u00fcr epileptische Anf\u00e4lle?<\/li>\n\n\n\n<li>Befindest du dich aufgrund einer erheblichen k\u00f6rperlichen Erkrankung in einer au\u00dfergew\u00f6hnlichen Belastung (z.B. station\u00e4rer Aufenthalt, Chemotherapie)?<\/li>\n\n\n\n<li>Bist du gerade schwanger?<\/li>\n<\/ul>\n\n\n\n<p>Es handelt sich hier um absolute Ausschlusskriterien. Wenn einer der genannten Punkte auf dich zutrifft, solltest du actiself nicht nutzen. <\/p>\n\n\n\n<p>Sollten dir w\u00e4hrend der Teilnahme Zweifel an der Beantwortung der vorangegangenen Fragen entstehen oder starkes Unwohlsein auftreten, solltest du die Nutzung der App abbrechen und lediglich nach Abkl\u00e4rung und in Begleitung von professioneller Unterst\u00fctzung fortsetzen.<\/p>\n\n\n\n<p><\/p>","protected":false},"excerpt":{"rendered":"<p>Eine Nutzung von actiself erfolgt auf eigene Gefahr; eine Haftung wird nicht \u00fcbernommen. Die actiself-App ist keine medizinische oder therapeutische Behandlung und ersetzt eine solche auch nicht! Du solltest actiself nicht verwenden, wenn du unter schweren behandlungsbed\u00fcrftigen psychischen Erkrankungen leidest. Dies ist auch bei Vorliegen eines \u00e4rztlichen Attests, einer \u00e4rztlichen Bescheinigung oder nach R\u00fccksprache mit &#8230; <a title=\"Gesundheitscheck\" class=\"read-more\" href=\"https:\/\/actiself.com\/en\/gesundheitscheck\/\" aria-label=\"Read more about Gesundheitscheck\">Read more<\/a><\/p>","protected":false},"author":1,"featured_media":0,"parent":0,"menu_order":0,"comment_status":"closed","ping_status":"closed","template":"","meta":{"inline_featured_image":false,"_themeisle_gutenberg_block_has_review":false,"footnotes":""},"class_list":["post-260","page","type-page","status-publish"],"yoast_head":"<!-- This site is optimized with the Yoast SEO plugin v27.3 - https:\/\/yoast.com\/product\/yoast-seo-wordpress\/ -->\n<title>Gesundheitscheck - actiself<\/title>\n<meta name=\"robots\" content=\"index, follow, max-snippet:-1, max-image-preview:large, max-video-preview:-1\" \/>\n<link rel=\"canonical\" href=\"https:\/\/actiself.com\/en\/gesundheitscheck\/\" \/>\n<meta property=\"og:locale\" content=\"en_US\" \/>\n<meta property=\"og:type\" content=\"article\" \/>\n<meta property=\"og:title\" content=\"Gesundheitscheck - actiself\" \/>\n<meta property=\"og:description\" content=\"Eine Nutzung von actiself erfolgt auf eigene Gefahr; eine Haftung wird nicht \u00fcbernommen. Die actiself-App ist keine medizinische oder therapeutische Behandlung und ersetzt eine solche auch nicht! Du solltest actiself nicht verwenden, wenn du unter schweren behandlungsbed\u00fcrftigen psychischen Erkrankungen leidest. Dies ist auch bei Vorliegen eines \u00e4rztlichen Attests, einer \u00e4rztlichen Bescheinigung oder nach R\u00fccksprache mit ... Read more\" \/>\n<meta property=\"og:url\" content=\"https:\/\/actiself.com\/en\/gesundheitscheck\/\" \/>\n<meta property=\"og:site_name\" content=\"actiself\" \/>\n<meta property=\"article:modified_time\" content=\"2025-01-13T11:42:44+00:00\" \/>\n<meta name=\"twitter:card\" content=\"summary_large_image\" \/>\n<meta name=\"twitter:label1\" content=\"Est. reading time\" \/>\n\t<meta name=\"twitter:data1\" content=\"2 minutes\" \/>\n<script type=\"application\/ld+json\" class=\"yoast-schema-graph\">{\"@context\":\"https:\\\/\\\/schema.org\",\"@graph\":[{\"@type\":\"WebPage\",\"@id\":\"https:\\\/\\\/actiself.com\\\/gesundheitscheck\\\/\",\"url\":\"https:\\\/\\\/actiself.com\\\/gesundheitscheck\\\/\",\"name\":\"Gesundheitscheck - actiself\",\"isPartOf\":{\"@id\":\"https:\\\/\\\/actiself.com\\\/#website\"},\"datePublished\":\"2025-01-08T17:49:38+00:00\",\"dateModified\":\"2025-01-13T11:42:44+00:00\",\"breadcrumb\":{\"@id\":\"https:\\\/\\\/actiself.com\\\/gesundheitscheck\\\/#breadcrumb\"},\"inLanguage\":\"en-US\",\"potentialAction\":[{\"@type\":\"ReadAction\",\"target\":[\"https:\\\/\\\/actiself.com\\\/gesundheitscheck\\\/\"]}]},{\"@type\":\"BreadcrumbList\",\"@id\":\"https:\\\/\\\/actiself.com\\\/gesundheitscheck\\\/#breadcrumb\",\"itemListElement\":[{\"@type\":\"ListItem\",\"position\":1,\"name\":\"Home\",\"item\":\"https:\\\/\\\/actiself.com\\\/\"},{\"@type\":\"ListItem\",\"position\":2,\"name\":\"Gesundheitscheck\"}]},{\"@type\":\"WebSite\",\"@id\":\"https:\\\/\\\/actiself.com\\\/#website\",\"url\":\"https:\\\/\\\/actiself.com\\\/\",\"name\":\"actiself\",\"description\":\"\",\"publisher\":{\"@id\":\"https:\\\/\\\/actiself.com\\\/#organization\"},\"potentialAction\":[{\"@type\":\"SearchAction\",\"target\":{\"@type\":\"EntryPoint\",\"urlTemplate\":\"https:\\\/\\\/actiself.com\\\/?s={search_term_string}\"},\"query-input\":{\"@type\":\"PropertyValueSpecification\",\"valueRequired\":true,\"valueName\":\"search_term_string\"}}],\"inLanguage\":\"en-US\"},{\"@type\":\"Organization\",\"@id\":\"https:\\\/\\\/actiself.com\\\/#organization\",\"name\":\"actiself\",\"url\":\"https:\\\/\\\/actiself.com\\\/\",\"logo\":{\"@type\":\"ImageObject\",\"inLanguage\":\"en-US\",\"@id\":\"https:\\\/\\\/actiself.com\\\/#\\\/schema\\\/logo\\\/image\\\/\",\"url\":\"https:\\\/\\\/actiself.com\\\/wp-content\\\/uploads\\\/2025\\\/01\\\/actiself-1.png\",\"contentUrl\":\"https:\\\/\\\/actiself.com\\\/wp-content\\\/uploads\\\/2025\\\/01\\\/actiself-1.png\",\"width\":400,\"height\":124,\"caption\":\"actiself\"},\"image\":{\"@id\":\"https:\\\/\\\/actiself.com\\\/#\\\/schema\\\/logo\\\/image\\\/\"}}]}<\/script>\n<!-- \/ Yoast SEO plugin. -->","yoast_head_json":{"title":"Gesundheitscheck - actiself","robots":{"index":"index","follow":"follow","max-snippet":"max-snippet:-1","max-image-preview":"max-image-preview:large","max-video-preview":"max-video-preview:-1"},"canonical":"https:\/\/actiself.com\/en\/gesundheitscheck\/","og_locale":"en_US","og_type":"article","og_title":"Gesundheitscheck - actiself","og_description":"Eine Nutzung von actiself erfolgt auf eigene Gefahr; eine Haftung wird nicht \u00fcbernommen. Die actiself-App ist keine medizinische oder therapeutische Behandlung und ersetzt eine solche auch nicht! Du solltest actiself nicht verwenden, wenn du unter schweren behandlungsbed\u00fcrftigen psychischen Erkrankungen leidest. Dies ist auch bei Vorliegen eines \u00e4rztlichen Attests, einer \u00e4rztlichen Bescheinigung oder nach R\u00fccksprache mit ... Read more","og_url":"https:\/\/actiself.com\/en\/gesundheitscheck\/","og_site_name":"actiself","article_modified_time":"2025-01-13T11:42:44+00:00","twitter_card":"summary_large_image","twitter_misc":{"Est. reading time":"2 minutes"},"schema":{"@context":"https:\/\/schema.org","@graph":[{"@type":"WebPage","@id":"https:\/\/actiself.com\/gesundheitscheck\/","url":"https:\/\/actiself.com\/gesundheitscheck\/","name":"Gesundheitscheck - actiself","isPartOf":{"@id":"https:\/\/actiself.com\/#website"},"datePublished":"2025-01-08T17:49:38+00:00","dateModified":"2025-01-13T11:42:44+00:00","breadcrumb":{"@id":"https:\/\/actiself.com\/gesundheitscheck\/#breadcrumb"},"inLanguage":"en-US","potentialAction":[{"@type":"ReadAction","target":["https:\/\/actiself.com\/gesundheitscheck\/"]}]},{"@type":"BreadcrumbList","@id":"https:\/\/actiself.com\/gesundheitscheck\/#breadcrumb","itemListElement":[{"@type":"ListItem","position":1,"name":"Home","item":"https:\/\/actiself.com\/"},{"@type":"ListItem","position":2,"name":"Gesundheitscheck"}]},{"@type":"WebSite","@id":"https:\/\/actiself.com\/#website","url":"https:\/\/actiself.com\/","name":"actiself","description":"","publisher":{"@id":"https:\/\/actiself.com\/#organization"},"potentialAction":[{"@type":"SearchAction","target":{"@type":"EntryPoint","urlTemplate":"https:\/\/actiself.com\/?s={search_term_string}"},"query-input":{"@type":"PropertyValueSpecification","valueRequired":true,"valueName":"search_term_string"}}],"inLanguage":"en-US"},{"@type":"Organization","@id":"https:\/\/actiself.com\/#organization","name":"actiself","url":"https:\/\/actiself.com\/","logo":{"@type":"ImageObject","inLanguage":"en-US","@id":"https:\/\/actiself.com\/#\/schema\/logo\/image\/","url":"https:\/\/actiself.com\/wp-content\/uploads\/2025\/01\/actiself-1.png","contentUrl":"https:\/\/actiself.com\/wp-content\/uploads\/2025\/01\/actiself-1.png","width":400,"height":124,"caption":"actiself"},"image":{"@id":"https:\/\/actiself.com\/#\/schema\/logo\/image\/"}}]}},"_links":{"self":[{"href":"https:\/\/actiself.com\/en\/wp-json\/wp\/v2\/pages\/260","targetHints":{"allow":["GET"]}}],"collection":[{"href":"https:\/\/actiself.com\/en\/wp-json\/wp\/v2\/pages"}],"about":[{"href":"https:\/\/actiself.com\/en\/wp-json\/wp\/v2\/types\/page"}],"author":[{"embeddable":true,"href":"https:\/\/actiself.com\/en\/wp-json\/wp\/v2\/users\/1"}],"replies":[{"embeddable":true,"href":"https:\/\/actiself.com\/en\/wp-json\/wp\/v2\/comments?post=260"}],"version-history":[{"count":3,"href":"https:\/\/actiself.com\/en\/wp-json\/wp\/v2\/pages\/260\/revisions"}],"predecessor-version":[{"id":405,"href":"https:\/\/actiself.com\/en\/wp-json\/wp\/v2\/pages\/260\/revisions\/405"}],"wp:attachment":[{"href":"https:\/\/actiself.com\/en\/wp-json\/wp\/v2\/media?parent=260"}],"curies":[{"name":"wp","href":"https:\/\/api.w.org\/{rel}","templated":true}]}}