{"id":263,"date":"2025-01-09T09:27:53","date_gmt":"2025-01-09T09:27:53","guid":{"rendered":"https:\/\/actiself.com\/?page_id=263"},"modified":"2025-01-13T11:43:10","modified_gmt":"2025-01-13T11:43:10","slug":"geschaeftsbedingungen","status":"publish","type":"page","link":"https:\/\/actiself.com\/en\/geschaeftsbedingungen\/","title":{"rendered":"Gesch\u00e4ftsbedingungen"},"content":{"rendered":"<p>Allgemeine Gesch\u00e4ftsbedingungen (AGB)<\/p>\n\n\n\n<p>Mit der Bestellung oder dem Download der App Actiself sowie der Nutzung der von Actiself angebotenen Dienste gelten ausschlie\u00dflich die folgenden AGB in ihrer zum Zeitpunkt der Bestellung g\u00fcltigen Fassung.<\/p>\n\n\n\n<p>1. Allgemeine Bestimmungen<\/p>\n\n\n\n<p>1.1.&nbsp;&nbsp;<\/p>\n\n\n\n<p>Actiself bezeichnet die Dienste der Biometric UG, Metzstra\u00dfe 14, 81667 M\u00fcnchen. Weitere Informationen zu Actiself finden Sie im Impressum auf der Website.<\/p>\n\n\n\n<p>1.2.&nbsp;&nbsp;<\/p>\n\n\n\n<p>Actiself bietet Nutzern verschiedene Dienste an, um die mentale Gesundheit durch \u00dcbungen und Monitoring zu unterst\u00fctzen. Diese Dienste k\u00f6nnen kostenlos, teilweise kostenpflichtig oder durch Werbung finanziert sein. Kostenpflichtige Dienste sind klar gekennzeichnet.<\/p>\n\n\n\n<p>1.3.&nbsp;&nbsp;<\/p>\n\n\n\n<p>Die Dienste von Actiself sind grunds\u00e4tzlich auf allen unterst\u00fctzten Plattformen und Ger\u00e4ten nutzbar. Technische und sonstige Einschr\u00e4nkungen sind der jeweiligen Angebotsdarstellung zu entnehmen.<\/p>\n\n\n\n<p>1.4.&nbsp;&nbsp;<\/p>\n\n\n\n<p>F\u00fcr die Nutzung von Actiself ist eine Registrierung erforderlich. Der Nutzer versichert, dass alle im Rahmen der Registrierung gemachten Angaben vollst\u00e4ndig und wahrheitsgem\u00e4\u00df sind. Der Vertrag zwischen dem Nutzer und Actiself kommt erst durch eine elektronische Best\u00e4tigung von Actiself zustande.<\/p>\n\n\n\n<p>1.5.&nbsp;&nbsp;<\/p>\n\n\n\n<p>Mit der Registrierung bei Actiself akzeptiert der Nutzer diese AGB. Bei Zugriff auf die Dienste \u00fcber eine Drittanbieter-App oder Plattform (wie z.B. Google Home) gelten erg\u00e4nzend die jeweiligen Gesch\u00e4ftsbedingungen des App-Stores oder der Plattform. Im Falle von Widerspr\u00fcchen haben diese AGB Vorrang.<\/p>\n\n\n\n<p>1.6.&nbsp;&nbsp;<\/p>\n\n\n\n<p>Beim Download und der Nutzung der Actiself-App, insbesondere in Drittnetzen oder im Ausland, k\u00f6nnen f\u00fcr den Nutzer \u00dcbertragungskosten seines Internetzugangsanbieters entstehen.<\/p>\n\n\n\n<p>2. Kostenpflichtige Dienste<\/p>\n\n\n\n<p>2.1.&nbsp;&nbsp;<\/p>\n\n\n\n<p>Einzelne Dienste von Actiself setzen ein Entgelt voraus. Actiself stellt eine \u00dcbersicht der verf\u00fcgbaren kostenpflichtigen Dienste, deren Entgelte, Leistungsumfang, Beschr\u00e4nkungen sowie Laufzeiten auf actiself.com zur Verf\u00fcgung. Die Zahlung des Entgelts berechtigt nur zum Zugang zu den in der Angebotsdarstellung verf\u00fcgbaren Diensten.<\/p>\n\n\n\n<p>2.2.&nbsp;&nbsp;<\/p>\n\n\n\n<p>Die einzelnen Schritte des Erwerbs von kostenpflichtigen Diensten lassen sich den Beschreibungen innerhalb des App-Stores des Dritten, der App oder der Website Actiself.com entnehmen. Mit einer Bestellung gibt der Nutzer ein Angebot ab. Allein durch das Bet\u00e4tigen des Bestellbuttons kommt noch kein Kaufvertrag f\u00fcr die kostenpflichtigen Inhalte zustande. Erst nach erfolgreichem Zahlvorgang und der entsprechenden elektronischen Best\u00e4tigung gilt die Bestellung als angenommen und der Kaufvertrag kommt zustande. Die Annahme kann auch konkludent durch Freischaltung der kostenpflichtigen Dienste erfolgen.<\/p>\n\n\n\n<p>2.3.&nbsp;&nbsp;<\/p>\n\n\n\n<p>Entgelte sind f\u00fcr die jeweilige Laufzeit im Voraus f\u00e4llig. Es werden die im Rahmen der Angebotsdarstellung ersichtlichen Zahlungsarten akzeptiert; der Zahlungsprozess wird in aller Regel durch entsprechende Dienstleister betrieben. Dabei kann es sich insbesondere um die angebotenen Zahlungssysteme der jeweiligen App-Store-Betreiber handeln. Soweit der jeweilige Dienstleister im Einzelfall eigene allgemeine Gesch\u00e4fts- bzw. Nutzungsbedingungen (AGB) einbezieht, gelten diese f\u00fcr die Zahlungsabwicklung ausschlie\u00dflich. Gegebenenfalls muss der Nutzer bei dem Dienstleister \u00fcber ein Nutzerkonto verf\u00fcgen.<\/p>\n\n\n\n<p>2.4.&nbsp;&nbsp;<\/p>\n\n\n\n<p>Der Anbieter des App-Stores kann auf die Laufzeit oder Verl\u00e4ngerung, bzw. deren verf\u00fcgbaren kostenpflichtigen Dienste Einfluss nehmen. Abh\u00e4ngig vom App-Store k\u00f6nnen kostenpflichtige Dienste nach Ende der vereinbarten Laufzeit auslaufen, ohne dass es einer K\u00fcndigung bedarf, oder die jeweilige Vertragslaufzeit kann sich auf unbestimmte Zeit oder um einen entsprechenden Zeitraum verl\u00e4ngern. Einzelheiten lassen sich den Gesch\u00e4ftsbedingungen bzw. der jeweiligen Angebotsdarstellung des App-Stores entnehmen. Der App-Store bietet die M\u00f6glichkeit, kostenpflichtige Dienste \u00fcber einen entsprechenden Men\u00fcpunkt zu beenden.<\/p>\n\n\n\n<p>2.5.&nbsp;&nbsp;<\/p>\n\n\n\n<p>K\u00f6nnen Entgelte nicht eingezogen werden und hat der Nutzer das veranlassende Ereignis zu vertreten, so tr\u00e4gt er alle dadurch entstehenden Kosten. Sofern geleistete Zahlungen r\u00fcckbelastet werden oder der Nutzer Entgelte nicht entrichtet, ist Actiself berechtigt, den Zugriff auf alle oder einzelne Dienste von Actiself zu sperren.<\/p>\n\n\n\n<p>2.6.&nbsp;&nbsp;<\/p>\n\n\n\n<p>Actiself kann Nutzern kostenpflichtige Dienste f\u00fcr eine gewisse Zeit kostenlos anbieten. Welcher Nutzer an einem Testangebot teilnehmen kann, steht im alleinigen Ermessen von Actiself. Actiself kann den Leistungsumfang des Testangebots ver\u00e4ndern oder die Bereitstellung eines Testangebots jederzeit beenden. Actiself kann verlangen, dass der Nutzer zu Beginn des Testangebots seine Zahlungsdaten angibt. Actiself kann den Nutzer nach dem Ende des Testangebots mit den f\u00fcr die daraufhin kostenpflichtige Weiternutzung des jeweiligen Dienstes anfallenden Entgelten belasten. Der Nutzer wird hierauf im Rahmen der Angebotsdarstellung hingewiesen und muss dem zustimmen. Dem Nutzer steht es frei, das Testangebot im Testzeitraum zu k\u00fcndigen. Andernfalls wandelt sich das Testangebot in einen kostenpflichtigen Dienst um.<\/p>\n\n\n\n<p>2.7.&nbsp;&nbsp;<\/p>\n\n\n\n<p>Actiself beh\u00e4lt sich das Recht vor, sein Gesch\u00e4ftsmodell jederzeit zu \u00e4ndern und z. B. bestimmte oder alle Dienste nur noch gegen Entgelt zu erbringen. Die jeweiligen Entgelte wird Actiself ver\u00f6ffentlichen. Dem Nutzer steht es frei, die Nutzung zu beenden oder sich f\u00fcr die dann kostenpflichtige weitere Nutzung zu entscheiden.<\/p>\n\n\n\n<p>3. Widerrufsrecht f\u00fcr Verbraucher<\/p>\n\n\n\n<p>Wenn Nutzer Verbraucher im Sinne des \u00a7 13 BGB sind, gilt das nachfolgende Widerrufsrecht.<\/p>\n\n\n\n<p>3.1. Widerrufsrecht&nbsp;&nbsp;<\/p>\n\n\n\n<p>Sie haben das Recht, binnen 14 Tagen ab dem Tag des Vertragsabschlusses ohne Angabe von Gr\u00fcnden diesen Vertrag zu widerrufen. Wenn Sie einen kostenpflichtigen Actiself-Dienst \u00fcber einen App-Store erworben haben, gelten Widerrufsbelehrungen des jeweiligen App-Stores. Haben Sie einen kostenpflichtigen Dienst \u00fcber die Website Actiself.com erworben, m\u00fcssen Sie uns Ihren Widerruf schriftlich mitteilen (Adresse: Biomentric UG, Metzstra\u00dfe 14, 81667 M\u00fcnchen, E-Mail: info@actiself.com). Zur Wahrung der Widerrufsfrist reicht es aus, dass Sie die Mitteilung \u00fcber die Aus\u00fcbung des Widerrufsrechts vor Ablauf der Widerrufsfrist absenden.<\/p>\n\n\n\n<p>3.2. Folgen des Widerrufs&nbsp;<\/p>\n\n\n\n<p>Wenn Sie einen Vertrag uns gegen\u00fcber widerrufen, haben wir Ihnen alle Zahlungen, die wir von Ihnen erhalten haben, unverz\u00fcglich und sp\u00e4testens binnen vierzehn Tagen ab dem Tag zur\u00fcckzuzahlen, an dem die Mitteilung \u00fcber Ihren Widerruf dieses Vertrags bei uns eingegangen ist. F\u00fcr diese R\u00fcckzahlung verwenden wir dasselbe Zahlungsmittel, das Sie bei der urspr\u00fcnglichen Transaktion eingesetzt haben, es sei denn, mit Ihnen wurde ausdr\u00fccklich etwas anderes vereinbart; in keinem Fall werden Ihnen aufgrund dieser R\u00fcckzahlung Entgelte berechnet.<\/p>\n\n\n\n<p>Muster-Widerrufsformular&nbsp;<\/p>\n\n\n\n<p>(Wenn Sie den Vertrag widerrufen wollen, dann erstellen Sie bitte eine E-Mail mit folgendem Inhalt und senden sie an uns.)<\/p>\n\n\n\n<p>An:&nbsp;&nbsp;<\/p>\n\n\n\n<p>Biomentric UG\u00a0\u00a0<\/p>\n\n\n\n<p>Metzstra\u00dfe 14, 81667 M\u00fcnchen&nbsp;<\/p>\n\n\n\n<p>E-Mail: info@actiself.com<\/p>\n\n\n\n<p>Hiermit widerrufe(n) ich\/wir (*)&nbsp;&nbsp;<\/p>\n\n\n\n<p>den von mir\/uns (*)&nbsp;&nbsp;<\/p>\n\n\n\n<p>abgeschlossenen Vertrag \u00fcber den Kauf der folgenden Waren (*)\/ die Erbringung der folgenden Dienstleistung (*)&nbsp;&nbsp;<\/p>\n\n\n\n<p>Bestellt am (*)\/erhalten am (*)&nbsp;&nbsp;<\/p>\n\n\n\n<p>Name des\/der Verbraucher(s)&nbsp;<\/p>\n\n\n\n<p>Anschrift des\/der Verbraucher(s)&nbsp;&nbsp;<\/p>\n\n\n\n<p>Unterschrift des\/der Verbraucher(s) (nur bei Mitteilung auf Papier)&nbsp;&nbsp;<\/p>\n\n\n\n<p>Datum&nbsp;&nbsp;<\/p>\n\n\n\n<p>(*) Unzutreffendes streichen<\/p>\n\n\n\n<p>4. Rechte und Pflichten des Nutzers<\/p>\n\n\n\n<p>4.1.&nbsp;&nbsp;<\/p>\n\n\n\n<p>Actiself, die dar\u00fcber verf\u00fcgbaren Dienste und Inhalte werden dem Nutzer nicht zur kommerziellen Nutzung zur Verf\u00fcgung gestellt, sondern ausschlie\u00dflich zur pers\u00f6nlichen. Eine \u00dcberlassung des Nutzerkontos an Dritte ist unzul\u00e4ssig. Der Nutzer darf Actiself nur f\u00fcr seine eigenen privaten Zwecke nutzen.<\/p>\n\n\n\n<p>4.2.&nbsp;&nbsp;<\/p>\n\n\n\n<p>Die App und ihre Inhalte sowie die Inhalte auf allen anderen von Actiself unterst\u00fctzen Plattformen sind urheberrechtlich gesch\u00fctzt. Mit Bereitstellung bzw. \u00dcbermittlung der App oder der einzelnen Dienste oder Inhalte erh\u00e4lt der Nutzer das einfache Recht zur pers\u00f6nlichen Nutzung. Eine weitergehende Nutzung, insbesondere die Ver\u00f6ffentlichung im Internet, sowie das unautorisierte Vervielf\u00e4ltigen, Verbreiten oder Zug\u00e4nglichmachen \u00fcber das Internet, sei es kostenpflichtig oder unentgeltlich, ist nicht zul\u00e4ssig. Die gew\u00e4hrten Nutzungsrechte sind nicht \u00fcbertragbar oder unterlizenzierbar und stehen unter dem Vorbehalt der vollst\u00e4ndigen Zahlung. Gesetzlich nach dem Urheberrecht zul\u00e4ssige Nutzungen werden nicht eingeschr\u00e4nkt. Der Nutzer ist insbesondere nicht berechtigt, die App \u00fcber das gesetzlich vorgesehene Ma\u00df hinaus zu \u00e4ndern, zu bearbeiten oder zu dekompilieren.<\/p>\n\n\n\n<p>4.3.&nbsp;&nbsp;<\/p>\n\n\n\n<p>Es ist dem Nutzer ferner nicht gestattet,<\/p>\n\n\n\n<p>4.3.1. kostenpflichtige Dienste gleichzeitig auf mehreren Endger\u00e4ten zu nutzen, es sei denn, eine solche Nutzung wird im Rahmen der jeweiligen Angebotsdarstellung ausdr\u00fccklich zugelassen;&nbsp;&nbsp;<\/p>\n\n\n\n<p>4.3.2. die zur Authentifikation und Identifikation \u00fcbersendeten Daten an<\/p>\n\n\n\n<p>&nbsp;Dritte weiterzugeben oder Dritten zug\u00e4nglich zu machen,&nbsp;&nbsp;<\/p>\n\n\n\n<p>4.3.3. Mechanismen, Software oder Scripts in Verbindung mit der Nutzung der App oder einzelner Dienste zu verwenden, die das Funktionieren der App oder Dienste beeintr\u00e4chtigen k\u00f6nnen oder zum Ziel haben, Inhalte und Informationen aus der App auszulesen, zu blockieren, zu \u00fcberschreiben oder zu modifizieren,&nbsp;&nbsp;<\/p>\n\n\n\n<p>4.3.4. Ma\u00dfnahmen zu ergreifen, die eine \u00fcberm\u00e4\u00dfige oder unverh\u00e4ltnism\u00e4\u00dfige Belastung der App oder der Infrastruktur von Actiself darstellen,&nbsp;&nbsp;<\/p>\n\n\n\n<p>4.3.5. Inhalte zu nutzen, die Rechte Dritter (insbesondere Urheber-, Marken-, Patentrechte oder sonstige gewerbliche Schutzrechte, oder Pers\u00f6nlichkeitsrechte) verletzen, oder&nbsp;&nbsp;<\/p>\n\n\n\n<p>4.3.6. Inhalte einzustellen, die gegen gesetzliche Vorschriften oder gegen die guten Sitten versto\u00dfen.<\/p>\n\n\n\n<p>4.4.&nbsp;&nbsp;<\/p>\n\n\n\n<p>Bei jedem schuldhaften Versto\u00df gegen die Regelungen unter Ziff. 4.2 und\/oder Ziff. 4.3 ist der Nutzer verpflichtet, eine durch Actiself nach billigem Ermessen festzusetzende und im Streitfall durch das zust\u00e4ndige Gericht zu \u00fcberpr\u00fcfende Vertragsstrafe zu zahlen. Die Geltendmachung eines weitergehenden Schadens bleibt vorbehalten.<\/p>\n\n\n\n<p>5. \u00c4nderung der AGB<\/p>\n\n\n\n<p>5.1.&nbsp;&nbsp;<\/p>\n\n\n\n<p>Actiself beh\u00e4lt sich vor, diese AGB jederzeit zu \u00e4ndern oder zu erg\u00e4nzen. \u00c4nderungen der AGB werden dem Nutzer in Textform, per E-Mail, App-Benachrichtigung oder auf anderem Wege, mitgeteilt. Widerspricht der Nutzer nicht innerhalb von sechs Wochen nach Zugang der \u00c4nderungsmitteilung, gelten die \u00c4nderungen als genehmigt. Actiself verpflichtet sich, den Nutzer in der \u00c4nderungsmitteilung auf die Folgen eines unterlassenen Widerspruchs hinzuweisen.<\/p>\n\n\n\n<p>5.2.&nbsp;&nbsp;<\/p>\n\n\n\n<p>Widerspricht der Nutzer einer \u00c4nderung der AGB fristgerecht, hat Actiself das Recht, den bestehenden Vertrag mit dem Nutzer au\u00dferordentlich zu k\u00fcndigen. Das Recht des Nutzers zur K\u00fcndigung nach Ziff. 7 bleibt unber\u00fchrt.<\/p>\n\n\n\n<p>6. Haftung<\/p>\n\n\n\n<p>6.1.&nbsp;&nbsp;<\/p>\n\n\n\n<p>Actiself haftet unbeschr\u00e4nkt nach den gesetzlichen Bestimmungen f\u00fcr Sch\u00e4den, die auf einer Verletzung des Lebens, des K\u00f6rpers oder der Gesundheit sowie auf einer vors\u00e4tzlichen oder grob fahrl\u00e4ssigen Pflichtverletzung beruhen.<\/p>\n\n\n\n<p>6.2.&nbsp;&nbsp;<\/p>\n\n\n\n<p>Im \u00dcbrigen haftet Actiself f\u00fcr einfache Fahrl\u00e4ssigkeit nur bei der Verletzung wesentlicher Vertragspflichten. Wesentliche Vertragspflichten sind solche Pflichten, deren Erf\u00fcllung die ordnungsgem\u00e4\u00dfe Durchf\u00fchrung des Vertrages \u00fcberhaupt erst erm\u00f6glicht und auf deren Einhaltung der Nutzer regelm\u00e4\u00dfig vertrauen darf.<\/p>\n\n\n\n<p>6.3.&nbsp;&nbsp;<\/p>\n\n\n\n<p>Die Haftung nach Ziff. 6.2 ist auf den bei Vertragsschluss typischerweise vorhersehbaren Schaden begrenzt.<\/p>\n\n\n\n<p>6.4.&nbsp;&nbsp;<\/p>\n\n\n\n<p>Soweit die Haftung von Actiself ausgeschlossen oder beschr\u00e4nkt ist, gilt dies auch f\u00fcr die pers\u00f6nliche Haftung von gesetzlichen Vertretern und Erf\u00fcllungsgehilfen von Actiself.<\/p>\n\n\n\n<p>6.5.&nbsp;&nbsp;<\/p>\n\n\n\n<p>Actiself \u00fcbernimmt keine Haftung f\u00fcr etwaige Sch\u00e4den, die durch missbr\u00e4uchliche Nutzung der App oder der Dienste durch Dritte verursacht werden, die ohne Verschulden von Actiself Zugriff auf das Nutzerkonto erhalten haben.<\/p>\n\n\n\n<p>6.6.&nbsp;&nbsp;<\/p>\n\n\n\n<p>Actiself haftet nicht f\u00fcr die Vollst\u00e4ndigkeit, Richtigkeit oder Aktualit\u00e4t der bereitgestellten Inhalte oder f\u00fcr die st\u00e4ndige Verf\u00fcgbarkeit der App und der Dienste. Etwaige Anspr\u00fcche auf Schadensersatz wegen unvollst\u00e4ndiger, falscher oder nicht verf\u00fcgbarer Inhalte und Dienste sind ausgeschlossen, es sei denn, die Informationen wurden von Actiself vors\u00e4tzlich oder grob fahrl\u00e4ssig falsch bereitgestellt.<\/p>\n\n\n\n<p>7. Laufzeit und K\u00fcndigung<\/p>\n\n\n\n<p>7.1.&nbsp;&nbsp;<\/p>\n\n\n\n<p>Der Nutzungsvertrag wird auf unbestimmte Zeit geschlossen und kann vom Nutzer jederzeit ohne Einhaltung einer Frist gek\u00fcndigt werden.&nbsp;<\/p>\n\n\n\n<p>7.2.&nbsp;&nbsp;<\/p>\n\n\n\n<p>Das Recht zur au\u00dferordentlichen K\u00fcndigung aus wichtigem Grund bleibt unber\u00fchrt.<\/p>\n\n\n\n<p>7.3.&nbsp;&nbsp;<\/p>\n\n\n\n<p>Mit Wirksamwerden der K\u00fcndigung erl\u00f6schen s\u00e4mtliche dem Nutzer einger\u00e4umten Nutzungsrechte. Actiself wird nach Beendigung des Nutzungsvertrags das Nutzerkonto sowie alle im Rahmen des Nutzungsvertrages erhobenen Daten l\u00f6schen, soweit Actiself nicht gesetzlich zur Aufbewahrung verpflichtet ist.<\/p>\n\n\n\n<p>8. Datenschutz<\/p>\n\n\n\n<p>8.1.&nbsp;&nbsp;<\/p>\n\n\n\n<p>Actiself erhebt und nutzt personenbezogene Daten der Nutzer nur, soweit dies zur Vertragsdurchf\u00fchrung erforderlich ist oder eine gesetzliche Vorschrift es erlaubt oder anordnet.<\/p>\n\n\n\n<p>8.2.&nbsp;&nbsp;<\/p>\n\n\n\n<p>N\u00e4here Informationen zur Erhebung und Verwendung personenbezogener Daten durch Actiself sind der Datenschutzerkl\u00e4rung zu entnehmen, die auf actiself.com abrufbar ist.<\/p>\n\n\n\n<p>9. Schlussbestimmungen<\/p>\n\n\n\n<p>9.1.&nbsp;&nbsp;<\/p>\n\n\n\n<p>F\u00fcr alle Streitigkeiten aus oder im Zusammenhang mit diesen AGB gilt das Recht der Bundesrepublik Deutschland unter Ausschluss des UN-Kaufrechts.&nbsp;<\/p>\n\n\n\n<p>9.2.&nbsp;&nbsp;<\/p>\n\n\n\n<p>Ist der Nutzer Kaufmann, juristische Person des \u00f6ffentlichen Rechts oder \u00f6ffentlich-rechtliches Sonderverm\u00f6gen, ist ausschlie\u00dflicher Gerichtsstand f\u00fcr alle Streitigkeiten aus oder im Zusammenhang mit diesen AGB M\u00fcnchen.&nbsp;<\/p>\n\n\n\n<p>9.3.&nbsp;&nbsp;<\/p>\n\n\n\n<p>Sollten einzelne Bestimmungen dieser AGB unwirksam sein oder werden, bleibt die Wirksamkeit der \u00fcbrigen Bestimmungen unber\u00fchrt. An die Stelle der unwirksamen Bestimmung tritt eine wirksame Regelung, die dem wirtschaftlichen Zweck der unwirksamen Bestimmung m\u00f6glichst nahekommt. Entsprechendes gilt f\u00fcr etwaige Regelungsl\u00fccken.<\/p>\n\n\n\n<p>9.4.&nbsp;&nbsp;<\/p>\n\n\n\n<p>\u00c4nderungen oder Erg\u00e4nzungen dieser AGB bed\u00fcrfen der Schriftform. Dies gilt auch f\u00fcr die Aufhebung dieses Schriftformerfordernisses.<\/p>","protected":false},"excerpt":{"rendered":"<p>Allgemeine Gesch\u00e4ftsbedingungen (AGB) Mit der Bestellung oder dem Download der App Actiself sowie der Nutzung der von Actiself angebotenen Dienste gelten ausschlie\u00dflich die folgenden AGB in ihrer zum Zeitpunkt der Bestellung g\u00fcltigen Fassung. 1. Allgemeine Bestimmungen 1.1.&nbsp;&nbsp; Actiself bezeichnet die Dienste der Biometric UG, Metzstra\u00dfe 14, 81667 M\u00fcnchen. Weitere Informationen zu Actiself finden Sie im &#8230; <a title=\"Gesch\u00e4ftsbedingungen\" class=\"read-more\" href=\"https:\/\/actiself.com\/en\/geschaeftsbedingungen\/\" aria-label=\"Read more about Gesch\u00e4ftsbedingungen\">Read more<\/a><\/p>","protected":false},"author":1,"featured_media":0,"parent":0,"menu_order":0,"comment_status":"closed","ping_status":"closed","template":"","meta":{"inline_featured_image":false,"_themeisle_gutenberg_block_has_review":false,"footnotes":""},"class_list":["post-263","page","type-page","status-publish"],"yoast_head":"<!-- This site is optimized with the Yoast SEO plugin v27.4 - https:\/\/yoast.com\/product\/yoast-seo-wordpress\/ -->\n<title>Gesch\u00e4ftsbedingungen - actiself<\/title>\n<meta name=\"robots\" content=\"index, follow, max-snippet:-1, max-image-preview:large, max-video-preview:-1\" \/>\n<link rel=\"canonical\" href=\"https:\/\/actiself.com\/en\/geschaeftsbedingungen\/\" \/>\n<meta property=\"og:locale\" content=\"en_US\" \/>\n<meta property=\"og:type\" content=\"article\" \/>\n<meta property=\"og:title\" content=\"Gesch\u00e4ftsbedingungen - actiself\" \/>\n<meta property=\"og:description\" content=\"Allgemeine Gesch\u00e4ftsbedingungen (AGB) Mit der Bestellung oder dem Download der App Actiself sowie der Nutzung der von Actiself angebotenen Dienste gelten ausschlie\u00dflich die folgenden AGB in ihrer zum Zeitpunkt der Bestellung g\u00fcltigen Fassung. 1. Allgemeine Bestimmungen 1.1.&nbsp;&nbsp; Actiself bezeichnet die Dienste der Biometric UG, Metzstra\u00dfe 14, 81667 M\u00fcnchen. Weitere Informationen zu Actiself finden Sie im ... Read more\" \/>\n<meta property=\"og:url\" content=\"https:\/\/actiself.com\/en\/geschaeftsbedingungen\/\" \/>\n<meta property=\"og:site_name\" content=\"actiself\" \/>\n<meta property=\"article:modified_time\" content=\"2025-01-13T11:43:10+00:00\" \/>\n<meta name=\"twitter:card\" content=\"summary_large_image\" \/>\n<meta name=\"twitter:label1\" content=\"Est. reading time\" \/>\n\t<meta name=\"twitter:data1\" content=\"11 minutes\" \/>\n<script type=\"application\/ld+json\" class=\"yoast-schema-graph\">{\"@context\":\"https:\\\/\\\/schema.org\",\"@graph\":[{\"@type\":\"WebPage\",\"@id\":\"https:\\\/\\\/actiself.com\\\/geschaeftsbedingungen\\\/\",\"url\":\"https:\\\/\\\/actiself.com\\\/geschaeftsbedingungen\\\/\",\"name\":\"Gesch\u00e4ftsbedingungen - actiself\",\"isPartOf\":{\"@id\":\"https:\\\/\\\/actiself.com\\\/#website\"},\"datePublished\":\"2025-01-09T09:27:53+00:00\",\"dateModified\":\"2025-01-13T11:43:10+00:00\",\"breadcrumb\":{\"@id\":\"https:\\\/\\\/actiself.com\\\/geschaeftsbedingungen\\\/#breadcrumb\"},\"inLanguage\":\"en-US\",\"potentialAction\":[{\"@type\":\"ReadAction\",\"target\":[\"https:\\\/\\\/actiself.com\\\/geschaeftsbedingungen\\\/\"]}]},{\"@type\":\"BreadcrumbList\",\"@id\":\"https:\\\/\\\/actiself.com\\\/geschaeftsbedingungen\\\/#breadcrumb\",\"itemListElement\":[{\"@type\":\"ListItem\",\"position\":1,\"name\":\"Home\",\"item\":\"https:\\\/\\\/actiself.com\\\/\"},{\"@type\":\"ListItem\",\"position\":2,\"name\":\"Gesch\u00e4ftsbedingungen\"}]},{\"@type\":\"WebSite\",\"@id\":\"https:\\\/\\\/actiself.com\\\/#website\",\"url\":\"https:\\\/\\\/actiself.com\\\/\",\"name\":\"actiself\",\"description\":\"\",\"publisher\":{\"@id\":\"https:\\\/\\\/actiself.com\\\/#organization\"},\"potentialAction\":[{\"@type\":\"SearchAction\",\"target\":{\"@type\":\"EntryPoint\",\"urlTemplate\":\"https:\\\/\\\/actiself.com\\\/?s={search_term_string}\"},\"query-input\":{\"@type\":\"PropertyValueSpecification\",\"valueRequired\":true,\"valueName\":\"search_term_string\"}}],\"inLanguage\":\"en-US\"},{\"@type\":\"Organization\",\"@id\":\"https:\\\/\\\/actiself.com\\\/#organization\",\"name\":\"actiself\",\"url\":\"https:\\\/\\\/actiself.com\\\/\",\"logo\":{\"@type\":\"ImageObject\",\"inLanguage\":\"en-US\",\"@id\":\"https:\\\/\\\/actiself.com\\\/#\\\/schema\\\/logo\\\/image\\\/\",\"url\":\"https:\\\/\\\/actiself.com\\\/wp-content\\\/uploads\\\/2025\\\/01\\\/actiself-1.png\",\"contentUrl\":\"https:\\\/\\\/actiself.com\\\/wp-content\\\/uploads\\\/2025\\\/01\\\/actiself-1.png\",\"width\":400,\"height\":124,\"caption\":\"actiself\"},\"image\":{\"@id\":\"https:\\\/\\\/actiself.com\\\/#\\\/schema\\\/logo\\\/image\\\/\"}}]}<\/script>\n<!-- \/ Yoast SEO plugin. -->","yoast_head_json":{"title":"Gesch\u00e4ftsbedingungen - actiself","robots":{"index":"index","follow":"follow","max-snippet":"max-snippet:-1","max-image-preview":"max-image-preview:large","max-video-preview":"max-video-preview:-1"},"canonical":"https:\/\/actiself.com\/en\/geschaeftsbedingungen\/","og_locale":"en_US","og_type":"article","og_title":"Gesch\u00e4ftsbedingungen - actiself","og_description":"Allgemeine Gesch\u00e4ftsbedingungen (AGB) Mit der Bestellung oder dem Download der App Actiself sowie der Nutzung der von Actiself angebotenen Dienste gelten ausschlie\u00dflich die folgenden AGB in ihrer zum Zeitpunkt der Bestellung g\u00fcltigen Fassung. 1. Allgemeine Bestimmungen 1.1.&nbsp;&nbsp; Actiself bezeichnet die Dienste der Biometric UG, Metzstra\u00dfe 14, 81667 M\u00fcnchen. Weitere Informationen zu Actiself finden Sie im ... Read more","og_url":"https:\/\/actiself.com\/en\/geschaeftsbedingungen\/","og_site_name":"actiself","article_modified_time":"2025-01-13T11:43:10+00:00","twitter_card":"summary_large_image","twitter_misc":{"Est. reading time":"11 minutes"},"schema":{"@context":"https:\/\/schema.org","@graph":[{"@type":"WebPage","@id":"https:\/\/actiself.com\/geschaeftsbedingungen\/","url":"https:\/\/actiself.com\/geschaeftsbedingungen\/","name":"Gesch\u00e4ftsbedingungen - actiself","isPartOf":{"@id":"https:\/\/actiself.com\/#website"},"datePublished":"2025-01-09T09:27:53+00:00","dateModified":"2025-01-13T11:43:10+00:00","breadcrumb":{"@id":"https:\/\/actiself.com\/geschaeftsbedingungen\/#breadcrumb"},"inLanguage":"en-US","potentialAction":[{"@type":"ReadAction","target":["https:\/\/actiself.com\/geschaeftsbedingungen\/"]}]},{"@type":"BreadcrumbList","@id":"https:\/\/actiself.com\/geschaeftsbedingungen\/#breadcrumb","itemListElement":[{"@type":"ListItem","position":1,"name":"Home","item":"https:\/\/actiself.com\/"},{"@type":"ListItem","position":2,"name":"Gesch\u00e4ftsbedingungen"}]},{"@type":"WebSite","@id":"https:\/\/actiself.com\/#website","url":"https:\/\/actiself.com\/","name":"actiself","description":"","publisher":{"@id":"https:\/\/actiself.com\/#organization"},"potentialAction":[{"@type":"SearchAction","target":{"@type":"EntryPoint","urlTemplate":"https:\/\/actiself.com\/?s={search_term_string}"},"query-input":{"@type":"PropertyValueSpecification","valueRequired":true,"valueName":"search_term_string"}}],"inLanguage":"en-US"},{"@type":"Organization","@id":"https:\/\/actiself.com\/#organization","name":"actiself","url":"https:\/\/actiself.com\/","logo":{"@type":"ImageObject","inLanguage":"en-US","@id":"https:\/\/actiself.com\/#\/schema\/logo\/image\/","url":"https:\/\/actiself.com\/wp-content\/uploads\/2025\/01\/actiself-1.png","contentUrl":"https:\/\/actiself.com\/wp-content\/uploads\/2025\/01\/actiself-1.png","width":400,"height":124,"caption":"actiself"},"image":{"@id":"https:\/\/actiself.com\/#\/schema\/logo\/image\/"}}]}},"_links":{"self":[{"href":"https:\/\/actiself.com\/en\/wp-json\/wp\/v2\/pages\/263","targetHints":{"allow":["GET"]}}],"collection":[{"href":"https:\/\/actiself.com\/en\/wp-json\/wp\/v2\/pages"}],"about":[{"href":"https:\/\/actiself.com\/en\/wp-json\/wp\/v2\/types\/page"}],"author":[{"embeddable":true,"href":"https:\/\/actiself.com\/en\/wp-json\/wp\/v2\/users\/1"}],"replies":[{"embeddable":true,"href":"https:\/\/actiself.com\/en\/wp-json\/wp\/v2\/comments?post=263"}],"version-history":[{"count":1,"href":"https:\/\/actiself.com\/en\/wp-json\/wp\/v2\/pages\/263\/revisions"}],"predecessor-version":[{"id":264,"href":"https:\/\/actiself.com\/en\/wp-json\/wp\/v2\/pages\/263\/revisions\/264"}],"wp:attachment":[{"href":"https:\/\/actiself.com\/en\/wp-json\/wp\/v2\/media?parent=263"}],"curies":[{"name":"wp","href":"https:\/\/api.w.org\/{rel}","templated":true}]}}