{"id":309,"date":"2025-01-10T20:43:51","date_gmt":"2025-01-10T20:43:51","guid":{"rendered":"https:\/\/actiself.com\/?page_id=309"},"modified":"2025-02-17T19:10:31","modified_gmt":"2025-02-17T19:10:31","slug":"ueber-biomentric","status":"publish","type":"page","link":"https:\/\/actiself.com\/en\/ueber-biomentric\/","title":{"rendered":"Our story"},"content":{"rendered":"<div class=\"wp-block-columns is-layout-flex wp-container-core-columns-is-layout-9d6595d7 wp-block-columns-is-layout-flex\">\n<div class=\"wp-block-column is-layout-flow wp-block-column-is-layout-flow\" style=\"flex-basis:66%\">\n<p>Die actiself-Anwendung ist das Ergebnis jahrelanger Forschungs- und Entwicklungsarbeit von Wissenschaftler*innen des <a href=\"https:\/\/www.psych.mpg.de\" target=\"_blank\" rel=\"noreferrer noopener\">Max-Planck-Instituts f\u00fcr Psychiatrie<\/a> in M\u00fcnchen. Mit Unterst\u00fctzung von <a href=\"https:\/\/www.max-planck-innovation.de\" target=\"_blank\" rel=\"noreferrer noopener\">Max-Planck-Innovation<\/a> entstand am Institut 2018 das SMART-Projekt, das den Einsatz von Wearables f\u00fcr die Diagnostik und Therapie von psychischen St\u00f6rungen erforschte.<\/p>\n\n\n\n<p>W\u00e4hrend dieser Zeit wurde bereits eine erste Studien-Anwendung auf einer Smartwatch entwickelt und in unterschiedlichen Abteilungen der an das Institut angeschlossenen Klink getestet.<\/p>\n\n\n\n<p>2024 wurde aus dem Technologie-Transfer-Projekt SMART das Startup Biomentric, gegr\u00fcndet von zwei Forschern des Instituts mit Beteiligung von Max-Planck-Innovation. Im Januar 2025 startete Biomentric mit der ersten Anwendung actiself.<\/p>\n\n\n\n<p><a href=\"https:\/\/www.mpg.de\/24181220\/0217-mpin-die-mentale-gesundheit-foerdern-mithilfe-der-smartwatch-app-actiself-1160219-x\" target=\"_blank\" rel=\"noreferrer noopener\">Pressemitteilung der Max-Planck-Gesellschaft zum Start von actiself (17.Februar 2025)<\/a><\/p>\n<\/div>\n\n\n\n<div class=\"wp-block-column is-layout-flow wp-block-column-is-layout-flow\">\n<figure class=\"wp-block-image size-full\"><img fetchpriority=\"high\" decoding=\"async\" width=\"590\" height=\"489\" src=\"https:\/\/actiself.com\/wp-content\/uploads\/2025\/01\/MPI_fuer_Psychiatrie_Muenchen.jpg\" alt=\"\" class=\"wp-image-383\" srcset=\"https:\/\/actiself.com\/wp-content\/uploads\/2025\/01\/MPI_fuer_Psychiatrie_Muenchen.jpg 590w, https:\/\/actiself.com\/wp-content\/uploads\/2025\/01\/MPI_fuer_Psychiatrie_Muenchen-300x249.jpg 300w\" sizes=\"(max-width: 590px) 100vw, 590px\" \/><figcaption class=\"wp-element-caption\">Max-Planck-Institut f\u00fcr Psychiatrie in M\u00fcnchen-Schwabing (Foto: O DM)<\/figcaption><\/figure>\n<\/div>\n<\/div>\n\n\n\n<p><\/p>","protected":false},"excerpt":{"rendered":"<p>Die actiself-Anwendung ist das Ergebnis jahrelanger Forschungs- und Entwicklungsarbeit von Wissenschaftler*innen des Max-Planck-Instituts f\u00fcr Psychiatrie in M\u00fcnchen. Mit Unterst\u00fctzung von Max-Planck-Innovation entstand am Institut 2018 das SMART-Projekt, das den Einsatz von Wearables f\u00fcr die Diagnostik und Therapie von psychischen St\u00f6rungen erforschte. W\u00e4hrend dieser Zeit wurde bereits eine erste Studien-Anwendung auf einer Smartwatch entwickelt und in &#8230; <a title=\"Our story\" class=\"read-more\" href=\"https:\/\/actiself.com\/en\/ueber-biomentric\/\" aria-label=\"Read more about Unsere Story\">Read more<\/a><\/p>","protected":false},"author":1,"featured_media":0,"parent":0,"menu_order":0,"comment_status":"closed","ping_status":"closed","template":"","meta":{"inline_featured_image":false,"_themeisle_gutenberg_block_has_review":false,"footnotes":""},"class_list":["post-309","page","type-page","status-publish"],"yoast_head":"<!-- This site is optimized with the Yoast SEO plugin v27.4 - https:\/\/yoast.com\/product\/yoast-seo-wordpress\/ -->\n<title>Unsere Story - actiself<\/title>\n<meta name=\"robots\" content=\"index, follow, max-snippet:-1, max-image-preview:large, max-video-preview:-1\" \/>\n<link rel=\"canonical\" href=\"https:\/\/actiself.com\/en\/ueber-biomentric\/\" \/>\n<meta property=\"og:locale\" content=\"en_US\" \/>\n<meta property=\"og:type\" content=\"article\" \/>\n<meta property=\"og:title\" content=\"Unsere Story - actiself\" \/>\n<meta property=\"og:description\" content=\"Die actiself-Anwendung ist das Ergebnis jahrelanger Forschungs- und Entwicklungsarbeit von Wissenschaftler*innen des Max-Planck-Instituts f\u00fcr Psychiatrie in M\u00fcnchen. Mit Unterst\u00fctzung von Max-Planck-Innovation entstand am Institut 2018 das SMART-Projekt, das den Einsatz von Wearables f\u00fcr die Diagnostik und Therapie von psychischen St\u00f6rungen erforschte. W\u00e4hrend dieser Zeit wurde bereits eine erste Studien-Anwendung auf einer Smartwatch entwickelt und in ... Read more\" \/>\n<meta property=\"og:url\" content=\"https:\/\/actiself.com\/en\/ueber-biomentric\/\" \/>\n<meta property=\"og:site_name\" content=\"actiself\" \/>\n<meta property=\"article:modified_time\" content=\"2025-02-17T19:10:31+00:00\" \/>\n<meta property=\"og:image\" content=\"https:\/\/actiself.com\/wp-content\/uploads\/2025\/01\/MPI_fuer_Psychiatrie_Muenchen.jpg\" \/>\n\t<meta property=\"og:image:width\" content=\"590\" \/>\n\t<meta property=\"og:image:height\" content=\"489\" \/>\n\t<meta property=\"og:image:type\" content=\"image\/jpeg\" \/>\n<meta name=\"twitter:card\" content=\"summary_large_image\" \/>\n<meta name=\"twitter:label1\" content=\"Est. reading time\" \/>\n\t<meta name=\"twitter:data1\" content=\"1 minute\" \/>\n<script type=\"application\/ld+json\" class=\"yoast-schema-graph\">{\"@context\":\"https:\\\/\\\/schema.org\",\"@graph\":[{\"@type\":\"WebPage\",\"@id\":\"https:\\\/\\\/actiself.com\\\/ueber-biomentric\\\/\",\"url\":\"https:\\\/\\\/actiself.com\\\/ueber-biomentric\\\/\",\"name\":\"Unsere Story - actiself\",\"isPartOf\":{\"@id\":\"https:\\\/\\\/actiself.com\\\/#website\"},\"primaryImageOfPage\":{\"@id\":\"https:\\\/\\\/actiself.com\\\/ueber-biomentric\\\/#primaryimage\"},\"image\":{\"@id\":\"https:\\\/\\\/actiself.com\\\/ueber-biomentric\\\/#primaryimage\"},\"thumbnailUrl\":\"https:\\\/\\\/actiself.com\\\/wp-content\\\/uploads\\\/2025\\\/01\\\/MPI_fuer_Psychiatrie_Muenchen.jpg\",\"datePublished\":\"2025-01-10T20:43:51+00:00\",\"dateModified\":\"2025-02-17T19:10:31+00:00\",\"breadcrumb\":{\"@id\":\"https:\\\/\\\/actiself.com\\\/ueber-biomentric\\\/#breadcrumb\"},\"inLanguage\":\"en-US\",\"potentialAction\":[{\"@type\":\"ReadAction\",\"target\":[\"https:\\\/\\\/actiself.com\\\/ueber-biomentric\\\/\"]}]},{\"@type\":\"ImageObject\",\"inLanguage\":\"en-US\",\"@id\":\"https:\\\/\\\/actiself.com\\\/ueber-biomentric\\\/#primaryimage\",\"url\":\"https:\\\/\\\/actiself.com\\\/wp-content\\\/uploads\\\/2025\\\/01\\\/MPI_fuer_Psychiatrie_Muenchen.jpg\",\"contentUrl\":\"https:\\\/\\\/actiself.com\\\/wp-content\\\/uploads\\\/2025\\\/01\\\/MPI_fuer_Psychiatrie_Muenchen.jpg\"},{\"@type\":\"BreadcrumbList\",\"@id\":\"https:\\\/\\\/actiself.com\\\/ueber-biomentric\\\/#breadcrumb\",\"itemListElement\":[{\"@type\":\"ListItem\",\"position\":1,\"name\":\"Home\",\"item\":\"https:\\\/\\\/actiself.com\\\/\"},{\"@type\":\"ListItem\",\"position\":2,\"name\":\"Unsere Story\"}]},{\"@type\":\"WebSite\",\"@id\":\"https:\\\/\\\/actiself.com\\\/#website\",\"url\":\"https:\\\/\\\/actiself.com\\\/\",\"name\":\"actiself\",\"description\":\"\",\"publisher\":{\"@id\":\"https:\\\/\\\/actiself.com\\\/#organization\"},\"potentialAction\":[{\"@type\":\"SearchAction\",\"target\":{\"@type\":\"EntryPoint\",\"urlTemplate\":\"https:\\\/\\\/actiself.com\\\/?s={search_term_string}\"},\"query-input\":{\"@type\":\"PropertyValueSpecification\",\"valueRequired\":true,\"valueName\":\"search_term_string\"}}],\"inLanguage\":\"en-US\"},{\"@type\":\"Organization\",\"@id\":\"https:\\\/\\\/actiself.com\\\/#organization\",\"name\":\"actiself\",\"url\":\"https:\\\/\\\/actiself.com\\\/\",\"logo\":{\"@type\":\"ImageObject\",\"inLanguage\":\"en-US\",\"@id\":\"https:\\\/\\\/actiself.com\\\/#\\\/schema\\\/logo\\\/image\\\/\",\"url\":\"https:\\\/\\\/actiself.com\\\/wp-content\\\/uploads\\\/2025\\\/01\\\/actiself-1.png\",\"contentUrl\":\"https:\\\/\\\/actiself.com\\\/wp-content\\\/uploads\\\/2025\\\/01\\\/actiself-1.png\",\"width\":400,\"height\":124,\"caption\":\"actiself\"},\"image\":{\"@id\":\"https:\\\/\\\/actiself.com\\\/#\\\/schema\\\/logo\\\/image\\\/\"}}]}<\/script>\n<!-- \/ Yoast SEO plugin. -->","yoast_head_json":{"title":"Unsere Story - actiself","robots":{"index":"index","follow":"follow","max-snippet":"max-snippet:-1","max-image-preview":"max-image-preview:large","max-video-preview":"max-video-preview:-1"},"canonical":"https:\/\/actiself.com\/en\/ueber-biomentric\/","og_locale":"en_US","og_type":"article","og_title":"Unsere Story - actiself","og_description":"Die actiself-Anwendung ist das Ergebnis jahrelanger Forschungs- und Entwicklungsarbeit von Wissenschaftler*innen des Max-Planck-Instituts f\u00fcr Psychiatrie in M\u00fcnchen. Mit Unterst\u00fctzung von Max-Planck-Innovation entstand am Institut 2018 das SMART-Projekt, das den Einsatz von Wearables f\u00fcr die Diagnostik und Therapie von psychischen St\u00f6rungen erforschte. W\u00e4hrend dieser Zeit wurde bereits eine erste Studien-Anwendung auf einer Smartwatch entwickelt und in ... Read more","og_url":"https:\/\/actiself.com\/en\/ueber-biomentric\/","og_site_name":"actiself","article_modified_time":"2025-02-17T19:10:31+00:00","og_image":[{"width":590,"height":489,"url":"https:\/\/actiself.com\/wp-content\/uploads\/2025\/01\/MPI_fuer_Psychiatrie_Muenchen.jpg","type":"image\/jpeg"}],"twitter_card":"summary_large_image","twitter_misc":{"Est. reading time":"1 minute"},"schema":{"@context":"https:\/\/schema.org","@graph":[{"@type":"WebPage","@id":"https:\/\/actiself.com\/ueber-biomentric\/","url":"https:\/\/actiself.com\/ueber-biomentric\/","name":"Unsere Story - actiself","isPartOf":{"@id":"https:\/\/actiself.com\/#website"},"primaryImageOfPage":{"@id":"https:\/\/actiself.com\/ueber-biomentric\/#primaryimage"},"image":{"@id":"https:\/\/actiself.com\/ueber-biomentric\/#primaryimage"},"thumbnailUrl":"https:\/\/actiself.com\/wp-content\/uploads\/2025\/01\/MPI_fuer_Psychiatrie_Muenchen.jpg","datePublished":"2025-01-10T20:43:51+00:00","dateModified":"2025-02-17T19:10:31+00:00","breadcrumb":{"@id":"https:\/\/actiself.com\/ueber-biomentric\/#breadcrumb"},"inLanguage":"en-US","potentialAction":[{"@type":"ReadAction","target":["https:\/\/actiself.com\/ueber-biomentric\/"]}]},{"@type":"ImageObject","inLanguage":"en-US","@id":"https:\/\/actiself.com\/ueber-biomentric\/#primaryimage","url":"https:\/\/actiself.com\/wp-content\/uploads\/2025\/01\/MPI_fuer_Psychiatrie_Muenchen.jpg","contentUrl":"https:\/\/actiself.com\/wp-content\/uploads\/2025\/01\/MPI_fuer_Psychiatrie_Muenchen.jpg"},{"@type":"BreadcrumbList","@id":"https:\/\/actiself.com\/ueber-biomentric\/#breadcrumb","itemListElement":[{"@type":"ListItem","position":1,"name":"Home","item":"https:\/\/actiself.com\/"},{"@type":"ListItem","position":2,"name":"Unsere Story"}]},{"@type":"WebSite","@id":"https:\/\/actiself.com\/#website","url":"https:\/\/actiself.com\/","name":"actiself","description":"","publisher":{"@id":"https:\/\/actiself.com\/#organization"},"potentialAction":[{"@type":"SearchAction","target":{"@type":"EntryPoint","urlTemplate":"https:\/\/actiself.com\/?s={search_term_string}"},"query-input":{"@type":"PropertyValueSpecification","valueRequired":true,"valueName":"search_term_string"}}],"inLanguage":"en-US"},{"@type":"Organization","@id":"https:\/\/actiself.com\/#organization","name":"actiself","url":"https:\/\/actiself.com\/","logo":{"@type":"ImageObject","inLanguage":"en-US","@id":"https:\/\/actiself.com\/#\/schema\/logo\/image\/","url":"https:\/\/actiself.com\/wp-content\/uploads\/2025\/01\/actiself-1.png","contentUrl":"https:\/\/actiself.com\/wp-content\/uploads\/2025\/01\/actiself-1.png","width":400,"height":124,"caption":"actiself"},"image":{"@id":"https:\/\/actiself.com\/#\/schema\/logo\/image\/"}}]}},"_links":{"self":[{"href":"https:\/\/actiself.com\/en\/wp-json\/wp\/v2\/pages\/309","targetHints":{"allow":["GET"]}}],"collection":[{"href":"https:\/\/actiself.com\/en\/wp-json\/wp\/v2\/pages"}],"about":[{"href":"https:\/\/actiself.com\/en\/wp-json\/wp\/v2\/types\/page"}],"author":[{"embeddable":true,"href":"https:\/\/actiself.com\/en\/wp-json\/wp\/v2\/users\/1"}],"replies":[{"embeddable":true,"href":"https:\/\/actiself.com\/en\/wp-json\/wp\/v2\/comments?post=309"}],"version-history":[{"count":18,"href":"https:\/\/actiself.com\/en\/wp-json\/wp\/v2\/pages\/309\/revisions"}],"predecessor-version":[{"id":537,"href":"https:\/\/actiself.com\/en\/wp-json\/wp\/v2\/pages\/309\/revisions\/537"}],"wp:attachment":[{"href":"https:\/\/actiself.com\/en\/wp-json\/wp\/v2\/media?parent=309"}],"curies":[{"name":"wp","href":"https:\/\/api.w.org\/{rel}","templated":true}]}}