{"id":310,"date":"2025-01-10T20:42:32","date_gmt":"2025-01-10T20:42:32","guid":{"rendered":"https:\/\/actiself.com\/?page_id=310"},"modified":"2025-03-06T08:14:23","modified_gmt":"2025-03-06T08:14:23","slug":"so-startest-du","status":"publish","type":"page","link":"https:\/\/actiself.com\/en\/so-startest-du\/","title":{"rendered":"How to get started"},"content":{"rendered":"<div class=\"wp-block-columns is-layout-flex wp-container-core-columns-is-layout-9d6595d7 wp-block-columns-is-layout-flex\">\n<div class=\"wp-block-column is-layout-flow wp-block-column-is-layout-flow\" style=\"flex-basis:66.66%\">\n<p>actiself gibt es momentan als App f\u00fcr iOS und Watch OS von Apple. Eine Android-Version ist bereits in Entwicklung. <\/p>\n\n\n\n<p>Die volle Funktionalit\u00e4t der App erh\u00e4ltst du, wenn du neben einem Smartphone auch ein Wearable wie z.B. die Apple Watch nutzt. Auch mit einem Fitnesstracker oder einer Smartwatch eines anderen Herstellers funktioniert unsere Anwendung, sofern diese Ger\u00e4te sich mit Apple-Health synchronisieren lassen. Solltest du noch kein Wearable besitzen, kannst du dich <a href=\"https:\/\/www.test.de\/Smartwatches-und-Fitness-Tracker-im-Test-5254021-0\" target=\"_blank\" rel=\"noreferrer noopener\">hier informieren, welche Ger\u00e4te von Stiftung Warentest gut bewertet wurden. Einfache Fitnesstracker gibt es schon f\u00fcr rund 40 \u20ac.<\/a><\/p>\n\n\n\n<p>So startest du in vier einfachen Schritten:<\/p>\n\n\n\n<div class=\"wp-block-group\"><div class=\"wp-block-group__inner-container is-layout-constrained wp-block-group-is-layout-constrained\">\n<p>1. Lade zuerst <a href=\"https:\/\/apps.apple.com\/de\/app\/actiself\/id6737044573\" target=\"_blank\" rel=\"noreferrer noopener\"><span class=\"highlight\">actiself aus dem Apple-Appstore<\/span><\/a> herunter. Solltest du eine Apple Watch verwenden, wird die WatchOS-App automatisch installiert.<\/p>\n\n\n\n<p>2. Melde dich dann auf der App mit einer Email-Adresse und einem Passwort an. Die Mailadresse ben\u00f6tigen wir nur zur Kommunikation mit dir im Rahmen der Nutzung der Anwendung. Das Passwort muss aus mindestens 8 Zeichen bestehen (Gro\u00df-\/Kleinbuchstaben, Zahl, Sonderzeichen m\u00fcssen enthalten sein).<\/p>\n\n\n\n<p>3. Nach der Anmeldung bekommst du an deine Mailadresse einen Code geschickt. Bitte gib diesen ein, damit deine Mailadresse verifiziert werden kann.<\/p>\n\n\n\n<p>4. In einem n\u00e4chsten Schritt wirst du nach einem <strong>Freischaltcode<\/strong> gefragt. Diesen kannst du auf <a href=\"https:\/\/actiself.store\/\" target=\"_blank\" rel=\"noreferrer noopener\">unserer Seite im Shop<\/a> erwerben. Nach erfolgreichem Kauf erh\u00e4ltst du eine Mail mit deinem Freischaltcode. Gib diesen ein &#8211; und du bist startklar!<\/p>\n<\/div><\/div>\n\n\n\n<p><\/p>\n\n\n\n<p>Wenn du Fragen hast, schreib uns gern an <a href=\"mailto:support@biomentric.zohodesk.eu\">support@biomentric.zohodesk.eu<\/a>.<\/p>\n\n\n\n<p><\/p>\n<\/div>\n\n\n\n<div class=\"wp-block-column is-layout-flow wp-block-column-is-layout-flow\" style=\"flex-basis:33.33%\">\n<figure class=\"wp-block-image size-large\"><img fetchpriority=\"high\" decoding=\"async\" width=\"1024\" height=\"683\" src=\"https:\/\/actiself.com\/wp-content\/uploads\/2025\/01\/Fotolia_219632648_L-\u00a9-kjekol-Fotolia.com_-1024x683.jpg\" alt=\"\" class=\"wp-image-482\" srcset=\"https:\/\/actiself.com\/wp-content\/uploads\/2025\/01\/Fotolia_219632648_L-\u00a9-kjekol-Fotolia.com_-1024x683.jpg 1024w, https:\/\/actiself.com\/wp-content\/uploads\/2025\/01\/Fotolia_219632648_L-\u00a9-kjekol-Fotolia.com_-300x200.jpg 300w, https:\/\/actiself.com\/wp-content\/uploads\/2025\/01\/Fotolia_219632648_L-\u00a9-kjekol-Fotolia.com_-768x512.jpg 768w, https:\/\/actiself.com\/wp-content\/uploads\/2025\/01\/Fotolia_219632648_L-\u00a9-kjekol-Fotolia.com_-1536x1024.jpg 1536w, https:\/\/actiself.com\/wp-content\/uploads\/2025\/01\/Fotolia_219632648_L-\u00a9-kjekol-Fotolia.com_-2048x1366.jpg 2048w\" sizes=\"(max-width: 1024px) 100vw, 1024px\" \/><\/figure>\n<\/div>\n<\/div>","protected":false},"excerpt":{"rendered":"<p>actiself gibt es momentan als App f\u00fcr iOS und Watch OS von Apple. Eine Android-Version ist bereits in Entwicklung. Die volle Funktionalit\u00e4t der App erh\u00e4ltst du, wenn du neben einem Smartphone auch ein Wearable wie z.B. die Apple Watch nutzt. Auch mit einem Fitnesstracker oder einer Smartwatch eines anderen Herstellers funktioniert unsere Anwendung, sofern diese &#8230; <a title=\"How to get started\" class=\"read-more\" href=\"https:\/\/actiself.com\/en\/so-startest-du\/\" aria-label=\"Read more about So startest du\">Read more<\/a><\/p>","protected":false},"author":1,"featured_media":0,"parent":0,"menu_order":0,"comment_status":"closed","ping_status":"closed","template":"","meta":{"inline_featured_image":false,"_themeisle_gutenberg_block_has_review":false,"footnotes":""},"class_list":["post-310","page","type-page","status-publish"],"yoast_head":"<!-- This site is optimized with the Yoast SEO plugin v27.4 - https:\/\/yoast.com\/product\/yoast-seo-wordpress\/ -->\n<title>So startest du - actiself<\/title>\n<meta name=\"description\" content=\"Lade die Anwendung aus dem App-Store und kaufe dir auf unserem Store einen Freischaltcode - schon kannst du loslegen!\" \/>\n<meta name=\"robots\" content=\"index, follow, max-snippet:-1, max-image-preview:large, max-video-preview:-1\" \/>\n<link rel=\"canonical\" href=\"https:\/\/actiself.com\/en\/so-startest-du\/\" \/>\n<meta property=\"og:locale\" content=\"en_US\" \/>\n<meta property=\"og:type\" content=\"article\" \/>\n<meta property=\"og:title\" content=\"So startest du - actiself\" \/>\n<meta property=\"og:description\" content=\"Lade die Anwendung aus dem App-Store und kaufe dir auf unserem Store einen Freischaltcode - schon kannst du loslegen!\" \/>\n<meta property=\"og:url\" content=\"https:\/\/actiself.com\/en\/so-startest-du\/\" \/>\n<meta property=\"og:site_name\" content=\"actiself\" \/>\n<meta property=\"article:modified_time\" content=\"2025-03-06T08:14:23+00:00\" \/>\n<meta name=\"twitter:card\" content=\"summary_large_image\" \/>\n<meta name=\"twitter:label1\" content=\"Est. reading time\" \/>\n\t<meta name=\"twitter:data1\" content=\"2 minutes\" \/>\n<script type=\"application\/ld+json\" class=\"yoast-schema-graph\">{\"@context\":\"https:\\\/\\\/schema.org\",\"@graph\":[{\"@type\":\"WebPage\",\"@id\":\"https:\\\/\\\/actiself.com\\\/so-startest-du\\\/\",\"url\":\"https:\\\/\\\/actiself.com\\\/so-startest-du\\\/\",\"name\":\"So startest du - actiself\",\"isPartOf\":{\"@id\":\"https:\\\/\\\/actiself.com\\\/#website\"},\"datePublished\":\"2025-01-10T20:42:32+00:00\",\"dateModified\":\"2025-03-06T08:14:23+00:00\",\"description\":\"Lade die Anwendung aus dem App-Store und kaufe dir auf unserem Store einen Freischaltcode - schon kannst du loslegen!\",\"breadcrumb\":{\"@id\":\"https:\\\/\\\/actiself.com\\\/so-startest-du\\\/#breadcrumb\"},\"inLanguage\":\"en-US\",\"potentialAction\":[{\"@type\":\"ReadAction\",\"target\":[\"https:\\\/\\\/actiself.com\\\/so-startest-du\\\/\"]}]},{\"@type\":\"BreadcrumbList\",\"@id\":\"https:\\\/\\\/actiself.com\\\/so-startest-du\\\/#breadcrumb\",\"itemListElement\":[{\"@type\":\"ListItem\",\"position\":1,\"name\":\"Home\",\"item\":\"https:\\\/\\\/actiself.com\\\/\"},{\"@type\":\"ListItem\",\"position\":2,\"name\":\"So startest du\"}]},{\"@type\":\"WebSite\",\"@id\":\"https:\\\/\\\/actiself.com\\\/#website\",\"url\":\"https:\\\/\\\/actiself.com\\\/\",\"name\":\"actiself\",\"description\":\"\",\"publisher\":{\"@id\":\"https:\\\/\\\/actiself.com\\\/#organization\"},\"potentialAction\":[{\"@type\":\"SearchAction\",\"target\":{\"@type\":\"EntryPoint\",\"urlTemplate\":\"https:\\\/\\\/actiself.com\\\/?s={search_term_string}\"},\"query-input\":{\"@type\":\"PropertyValueSpecification\",\"valueRequired\":true,\"valueName\":\"search_term_string\"}}],\"inLanguage\":\"en-US\"},{\"@type\":\"Organization\",\"@id\":\"https:\\\/\\\/actiself.com\\\/#organization\",\"name\":\"actiself\",\"url\":\"https:\\\/\\\/actiself.com\\\/\",\"logo\":{\"@type\":\"ImageObject\",\"inLanguage\":\"en-US\",\"@id\":\"https:\\\/\\\/actiself.com\\\/#\\\/schema\\\/logo\\\/image\\\/\",\"url\":\"https:\\\/\\\/actiself.com\\\/wp-content\\\/uploads\\\/2025\\\/01\\\/actiself-1.png\",\"contentUrl\":\"https:\\\/\\\/actiself.com\\\/wp-content\\\/uploads\\\/2025\\\/01\\\/actiself-1.png\",\"width\":400,\"height\":124,\"caption\":\"actiself\"},\"image\":{\"@id\":\"https:\\\/\\\/actiself.com\\\/#\\\/schema\\\/logo\\\/image\\\/\"}}]}<\/script>\n<!-- \/ Yoast SEO plugin. -->","yoast_head_json":{"title":"So startest du - actiself","description":"Lade die Anwendung aus dem App-Store und kaufe dir auf unserem Store einen Freischaltcode - schon kannst du loslegen!","robots":{"index":"index","follow":"follow","max-snippet":"max-snippet:-1","max-image-preview":"max-image-preview:large","max-video-preview":"max-video-preview:-1"},"canonical":"https:\/\/actiself.com\/en\/so-startest-du\/","og_locale":"en_US","og_type":"article","og_title":"So startest du - actiself","og_description":"Lade die Anwendung aus dem App-Store und kaufe dir auf unserem Store einen Freischaltcode - schon kannst du loslegen!","og_url":"https:\/\/actiself.com\/en\/so-startest-du\/","og_site_name":"actiself","article_modified_time":"2025-03-06T08:14:23+00:00","twitter_card":"summary_large_image","twitter_misc":{"Est. reading time":"2 minutes"},"schema":{"@context":"https:\/\/schema.org","@graph":[{"@type":"WebPage","@id":"https:\/\/actiself.com\/so-startest-du\/","url":"https:\/\/actiself.com\/so-startest-du\/","name":"So startest du - actiself","isPartOf":{"@id":"https:\/\/actiself.com\/#website"},"datePublished":"2025-01-10T20:42:32+00:00","dateModified":"2025-03-06T08:14:23+00:00","description":"Lade die Anwendung aus dem App-Store und kaufe dir auf unserem Store einen Freischaltcode - schon kannst du loslegen!","breadcrumb":{"@id":"https:\/\/actiself.com\/so-startest-du\/#breadcrumb"},"inLanguage":"en-US","potentialAction":[{"@type":"ReadAction","target":["https:\/\/actiself.com\/so-startest-du\/"]}]},{"@type":"BreadcrumbList","@id":"https:\/\/actiself.com\/so-startest-du\/#breadcrumb","itemListElement":[{"@type":"ListItem","position":1,"name":"Home","item":"https:\/\/actiself.com\/"},{"@type":"ListItem","position":2,"name":"So startest du"}]},{"@type":"WebSite","@id":"https:\/\/actiself.com\/#website","url":"https:\/\/actiself.com\/","name":"actiself","description":"","publisher":{"@id":"https:\/\/actiself.com\/#organization"},"potentialAction":[{"@type":"SearchAction","target":{"@type":"EntryPoint","urlTemplate":"https:\/\/actiself.com\/?s={search_term_string}"},"query-input":{"@type":"PropertyValueSpecification","valueRequired":true,"valueName":"search_term_string"}}],"inLanguage":"en-US"},{"@type":"Organization","@id":"https:\/\/actiself.com\/#organization","name":"actiself","url":"https:\/\/actiself.com\/","logo":{"@type":"ImageObject","inLanguage":"en-US","@id":"https:\/\/actiself.com\/#\/schema\/logo\/image\/","url":"https:\/\/actiself.com\/wp-content\/uploads\/2025\/01\/actiself-1.png","contentUrl":"https:\/\/actiself.com\/wp-content\/uploads\/2025\/01\/actiself-1.png","width":400,"height":124,"caption":"actiself"},"image":{"@id":"https:\/\/actiself.com\/#\/schema\/logo\/image\/"}}]}},"_links":{"self":[{"href":"https:\/\/actiself.com\/en\/wp-json\/wp\/v2\/pages\/310","targetHints":{"allow":["GET"]}}],"collection":[{"href":"https:\/\/actiself.com\/en\/wp-json\/wp\/v2\/pages"}],"about":[{"href":"https:\/\/actiself.com\/en\/wp-json\/wp\/v2\/types\/page"}],"author":[{"embeddable":true,"href":"https:\/\/actiself.com\/en\/wp-json\/wp\/v2\/users\/1"}],"replies":[{"embeddable":true,"href":"https:\/\/actiself.com\/en\/wp-json\/wp\/v2\/comments?post=310"}],"version-history":[{"count":16,"href":"https:\/\/actiself.com\/en\/wp-json\/wp\/v2\/pages\/310\/revisions"}],"predecessor-version":[{"id":518,"href":"https:\/\/actiself.com\/en\/wp-json\/wp\/v2\/pages\/310\/revisions\/518"}],"wp:attachment":[{"href":"https:\/\/actiself.com\/en\/wp-json\/wp\/v2\/media?parent=310"}],"curies":[{"name":"wp","href":"https:\/\/api.w.org\/{rel}","templated":true}]}}